{"id":28,"date":"2023-10-12T12:27:17","date_gmt":"2023-10-12T10:27:17","guid":{"rendered":"https:\/\/lazarus.elk.pl\/?page_id=28"},"modified":"2024-07-08T10:19:57","modified_gmt":"2024-07-08T08:19:57","slug":"aktualnosci","status":"publish","type":"page","link":"https:\/\/lazarus.elk.pl\/?page_id=28","title":{"rendered":"Aktualno\u015bci"},"content":{"rendered":"\t\t<div data-elementor-type=\"wp-page\" data-elementor-id=\"28\" class=\"elementor elementor-28\" data-elementor-post-type=\"page\">\n\t\t\t\t\t\t\t<div class=\"elementor-element elementor-element-d6c65cb e-flex e-con-boxed e-con e-parent\" data-id=\"d6c65cb\" data-element_type=\"container\" data-settings=\"{&quot;background_background&quot;:&quot;classic&quot;,&quot;content_width&quot;:&quot;boxed&quot;}\" data-core-v316-plus=\"true\">\n\t\t\t\t\t<div class=\"e-con-inner\">\n\t\t\t\t<div class=\"elementor-element elementor-element-dbbe185 elementor-widget elementor-widget-heading\" data-id=\"dbbe185\" data-element_type=\"widget\" data-widget_type=\"heading.default\">\n\t\t\t\t<div class=\"elementor-widget-container\">\n\t\t\t<style>\/*! elementor - v3.16.0 - 09-10-2023 *\/\n.elementor-heading-title{padding:0;margin:0;line-height:1}.elementor-widget-heading .elementor-heading-title[class*=elementor-size-]>a{color:inherit;font-size:inherit;line-height:inherit}.elementor-widget-heading .elementor-heading-title.elementor-size-small{font-size:15px}.elementor-widget-heading .elementor-heading-title.elementor-size-medium{font-size:19px}.elementor-widget-heading .elementor-heading-title.elementor-size-large{font-size:29px}.elementor-widget-heading .elementor-heading-title.elementor-size-xl{font-size:39px}.elementor-widget-heading .elementor-heading-title.elementor-size-xxl{font-size:59px}<\/style><h2 class=\"elementor-heading-title elementor-size-default\">AKTUALNO\u015aCI<\/h2>\t\t<\/div>\n\t\t\t\t<\/div>\n\t\t\t\t\t<\/div>\n\t\t\t\t<\/div>\n\t\t<div class=\"elementor-element elementor-element-7143b3a e-flex e-con-boxed e-con e-parent\" data-id=\"7143b3a\" data-element_type=\"container\" data-settings=\"{&quot;content_width&quot;:&quot;boxed&quot;}\" data-core-v316-plus=\"true\">\n\t\t\t\t\t<div class=\"e-con-inner\">\n\t\t\t\t<div class=\"elementor-element elementor-element-8fc3ff9 elementor-grid-3 elementor-grid-tablet-2 elementor-grid-mobile-1 elementor-widget elementor-widget-loop-grid\" data-id=\"8fc3ff9\" data-element_type=\"widget\" data-settings=\"{&quot;template_id&quot;:101,&quot;pagination_type&quot;:&quot;numbers_and_prev_next&quot;,&quot;_skin&quot;:&quot;post&quot;,&quot;columns&quot;:&quot;3&quot;,&quot;columns_tablet&quot;:&quot;2&quot;,&quot;columns_mobile&quot;:&quot;1&quot;,&quot;edit_handle_selector&quot;:&quot;[data-elementor-type=\\&quot;loop-item\\&quot;]&quot;,&quot;row_gap&quot;:{&quot;unit&quot;:&quot;px&quot;,&quot;size&quot;:&quot;&quot;,&quot;sizes&quot;:[]},&quot;row_gap_tablet&quot;:{&quot;unit&quot;:&quot;px&quot;,&quot;size&quot;:&quot;&quot;,&quot;sizes&quot;:[]},&quot;row_gap_mobile&quot;:{&quot;unit&quot;:&quot;px&quot;,&quot;size&quot;:&quot;&quot;,&quot;sizes&quot;:[]}}\" data-widget_type=\"loop-grid.post\">\n\t\t\t\t<div class=\"elementor-widget-container\">\n\t\t\t<link rel=\"stylesheet\" href=\"https:\/\/lazarus.elk.pl\/wp-content\/plugins\/elementor-pro\/assets\/css\/widget-loop-builder.min.css\">\t\t<div class=\"elementor-loop-container elementor-grid\">\n\t\t<style id=\"loop-101\">.elementor-101 .elementor-element.elementor-element-224c298{--display:flex;--background-transition:0.3s;}.elementor-101 .elementor-element.elementor-element-f7b09dc{text-align:center;}.elementor-101 .elementor-element.elementor-element-f7b09dc img{height:240px;object-fit:contain;}.elementor-101 .elementor-element.elementor-element-4d3b6f4 .elementor-heading-title{font-family:\"font\", Sans-serif;font-size:18px;font-weight:600;line-height:22px;}.elementor-101 .elementor-element.elementor-element-e38fead .elementor-widget-container{color:var( --e-global-color-secondary );}<\/style>\t\t<div data-elementor-type=\"loop-item\" data-elementor-id=\"101\" class=\"elementor elementor-101 e-loop-item e-loop-item-295 post-295 post type-post status-publish format-standard hentry category-bez-kategorii\" data-elementor-post-type=\"elementor_library\" data-custom-edit-handle=\"1\">\n\t\t\t\t\t\t<div class=\"elementor-element elementor-element-224c298 e-flex e-con-boxed e-con e-parent\" data-id=\"224c298\" data-element_type=\"container\" data-settings=\"{&quot;content_width&quot;:&quot;boxed&quot;}\" data-core-v316-plus=\"true\">\n\t\t\t\t\t<div class=\"e-con-inner\">\n\t\t\t\t<div class=\"elementor-element elementor-element-4d3b6f4 elementor-widget elementor-widget-theme-post-title elementor-page-title elementor-widget-heading\" data-id=\"4d3b6f4\" data-element_type=\"widget\" data-widget_type=\"theme-post-title.default\">\n\t\t\t\t<div class=\"elementor-widget-container\">\n\t\t\t<h1 class=\"elementor-heading-title elementor-size-default\"><a href=\"https:\/\/lazarus.elk.pl\/?p=295\">Dzi\u0119kujemy\u00a0za\u00a0darowizn\u0119\u00a0od\u00a0Mercator\u00a0Medical\u00a0S.A.<\/a><\/h1>\t\t<\/div>\n\t\t\t\t<\/div>\n\t\t\t\t\t<\/div>\n\t\t\t\t<\/div>\n\t\t\t\t\t\t<\/div>\n\t\t\t\t<div data-elementor-type=\"loop-item\" data-elementor-id=\"101\" class=\"elementor elementor-101 e-loop-item e-loop-item-254 post-254 post type-post status-publish format-standard hentry category-bez-kategorii\" data-elementor-post-type=\"elementor_library\" data-custom-edit-handle=\"1\">\n\t\t\t\t\t\t<div class=\"elementor-element elementor-element-224c298 e-flex e-con-boxed e-con e-parent\" data-id=\"224c298\" data-element_type=\"container\" data-settings=\"{&quot;content_width&quot;:&quot;boxed&quot;}\" data-core-v316-plus=\"true\">\n\t\t\t\t\t<div class=\"e-con-inner\">\n\t\t\t\t<div class=\"elementor-element elementor-element-4d3b6f4 elementor-widget elementor-widget-theme-post-title elementor-page-title elementor-widget-heading\" data-id=\"4d3b6f4\" data-element_type=\"widget\" data-widget_type=\"theme-post-title.default\">\n\t\t\t\t<div class=\"elementor-widget-container\">\n\t\t\t<h1 class=\"elementor-heading-title elementor-size-default\"><a href=\"https:\/\/lazarus.elk.pl\/?p=254\">Zako\u0144czy\u0142a si\u0119 budowa magazynu \u017cywno\u015bci wraz z wyposa\u017ceniem w ramach Krajowego Planu Odbudowy i Zwi\u0119kszania Odporno\u015bci<\/a><\/h1>\t\t<\/div>\n\t\t\t\t<\/div>\n\t\t\t\t<div class=\"elementor-element elementor-element-e38fead elementor-widget elementor-widget-theme-post-excerpt\" data-id=\"e38fead\" data-element_type=\"widget\" data-widget_type=\"theme-post-excerpt.default\">\n\t\t\t\t<div class=\"elementor-widget-container\">\n\t\t\t<p>Stowarzyszenie Pomocy Humanitarnej im. \u015aw. \u0141azarza z siedzib\u0105 w E\u0142ku zako\u0144czy\u0142o realizacj\u0119 projektu pt.: \u201eZero marnowania \u2013 budowa magazynu \u017cywno\u015bci...\t\t<\/div>\n\t\t\t\t<\/div>\n\t\t\t\t\t<\/div>\n\t\t\t\t<\/div>\n\t\t\t\t\t\t<\/div>\n\t\t\t\t<div data-elementor-type=\"loop-item\" data-elementor-id=\"101\" class=\"elementor elementor-101 e-loop-item e-loop-item-247 post-247 post type-post status-publish format-standard has-post-thumbnail hentry category-bez-kategorii\" data-elementor-post-type=\"elementor_library\" data-custom-edit-handle=\"1\">\n\t\t\t\t\t\t<div class=\"elementor-element elementor-element-224c298 e-flex e-con-boxed e-con e-parent\" data-id=\"224c298\" data-element_type=\"container\" data-settings=\"{&quot;content_width&quot;:&quot;boxed&quot;}\" data-core-v316-plus=\"true\">\n\t\t\t\t\t<div class=\"e-con-inner\">\n\t\t\t\t<div class=\"elementor-element elementor-element-f7b09dc elementor-widget elementor-widget-theme-post-featured-image elementor-widget-image\" data-id=\"f7b09dc\" data-element_type=\"widget\" data-widget_type=\"theme-post-featured-image.default\">\n\t\t\t\t<div class=\"elementor-widget-container\">\n\t\t\t<style>\/*! elementor - v3.16.0 - 09-10-2023 *\/\n.elementor-widget-image{text-align:center}.elementor-widget-image a{display:inline-block}.elementor-widget-image a img[src$=\".svg\"]{width:48px}.elementor-widget-image img{vertical-align:middle;display:inline-block}<\/style>\t\t\t\t\t\t\t\t\t\t\t\t\t<a href=\"https:\/\/lazarus.elk.pl\/?p=247\">\n\t\t\t\t\t\t\t<img loading=\"lazy\" decoding=\"async\" width=\"1414\" height=\"2000\" src=\"https:\/\/lazarus.elk.pl\/wp-content\/uploads\/AOON_2024_Ministerstwo.png\" class=\"attachment-large size-large wp-image-251\" alt=\"\" srcset=\"https:\/\/lazarus.elk.pl\/wp-content\/uploads\/AOON_2024_Ministerstwo.png 1414w, https:\/\/lazarus.elk.pl\/wp-content\/uploads\/AOON_2024_Ministerstwo-768x1086.png 768w, https:\/\/lazarus.elk.pl\/wp-content\/uploads\/AOON_2024_Ministerstwo-1086x1536.png 1086w\" sizes=\"auto, (max-width: 1414px) 100vw, 1414px\" \/>\t\t\t\t\t\t\t\t<\/a>\n\t\t\t\t\t\t\t\t\t\t\t\t\t\t\t<\/div>\n\t\t\t\t<\/div>\n\t\t\t\t<div class=\"elementor-element elementor-element-4d3b6f4 elementor-widget elementor-widget-theme-post-title elementor-page-title elementor-widget-heading\" data-id=\"4d3b6f4\" data-element_type=\"widget\" data-widget_type=\"theme-post-title.default\">\n\t\t\t\t<div class=\"elementor-widget-container\">\n\t\t\t<h1 class=\"elementor-heading-title elementor-size-default\"><a href=\"https:\/\/lazarus.elk.pl\/?p=247\">Og\u0142oszenie<\/a><\/h1>\t\t<\/div>\n\t\t\t\t<\/div>\n\t\t\t\t<div class=\"elementor-element elementor-element-e38fead elementor-widget elementor-widget-theme-post-excerpt\" data-id=\"e38fead\" data-element_type=\"widget\" data-widget_type=\"theme-post-excerpt.default\">\n\t\t\t\t<div class=\"elementor-widget-container\">\n\t\t\t<p>Stowarzyszenie Pomocy Humanitarnej im. \u015bw. \u0141azarza z siedzib\u0105 w E\u0142ku informuje, \u017ce rusza nab\u00f3r uczestnik\u00f3w do Programu \u201eAsystent osobisty osoby&nbsp;...\t\t<\/div>\n\t\t\t\t<\/div>\n\t\t\t\t\t<\/div>\n\t\t\t\t<\/div>\n\t\t\t\t\t\t<\/div>\n\t\t\t\t<div data-elementor-type=\"loop-item\" data-elementor-id=\"101\" class=\"elementor elementor-101 e-loop-item e-loop-item-216 post-216 post type-post status-publish format-standard has-post-thumbnail hentry category-bez-kategorii\" data-elementor-post-type=\"elementor_library\" data-custom-edit-handle=\"1\">\n\t\t\t\t\t\t<div class=\"elementor-element elementor-element-224c298 e-flex e-con-boxed e-con e-parent\" data-id=\"224c298\" data-element_type=\"container\" data-settings=\"{&quot;content_width&quot;:&quot;boxed&quot;}\" data-core-v316-plus=\"true\">\n\t\t\t\t\t<div class=\"e-con-inner\">\n\t\t\t\t<div class=\"elementor-element elementor-element-f7b09dc elementor-widget elementor-widget-theme-post-featured-image elementor-widget-image\" data-id=\"f7b09dc\" data-element_type=\"widget\" data-widget_type=\"theme-post-featured-image.default\">\n\t\t\t\t<div class=\"elementor-widget-container\">\n\t\t\t\t\t\t\t\t\t\t\t\t\t\t\t\t<a href=\"https:\/\/lazarus.elk.pl\/?p=216\">\n\t\t\t\t\t\t\t<img loading=\"lazy\" decoding=\"async\" width=\"700\" height=\"292\" src=\"https:\/\/lazarus.elk.pl\/wp-content\/uploads\/Fundacja-Biedronki-Logo-kolor-pozytyw.jpg\" class=\"attachment-large size-large wp-image-217\" alt=\"\" \/>\t\t\t\t\t\t\t\t<\/a>\n\t\t\t\t\t\t\t\t\t\t\t\t\t\t\t<\/div>\n\t\t\t\t<\/div>\n\t\t\t\t<div class=\"elementor-element elementor-element-4d3b6f4 elementor-widget elementor-widget-theme-post-title elementor-page-title elementor-widget-heading\" data-id=\"4d3b6f4\" data-element_type=\"widget\" data-widget_type=\"theme-post-title.default\">\n\t\t\t\t<div class=\"elementor-widget-container\">\n\t\t\t<h1 class=\"elementor-heading-title elementor-size-default\"><a href=\"https:\/\/lazarus.elk.pl\/?p=216\">Paczki \u015awi\u0105teczne 2023 r.<\/a><\/h1>\t\t<\/div>\n\t\t\t\t<\/div>\n\t\t\t\t<div class=\"elementor-element elementor-element-e38fead elementor-widget elementor-widget-theme-post-excerpt\" data-id=\"e38fead\" data-element_type=\"widget\" data-widget_type=\"theme-post-excerpt.default\">\n\t\t\t\t<div class=\"elementor-widget-container\">\n\t\t\t<p>Mi\u0142o Nam poinformowa\u0107, \u017ce Stowarzyszenie Pomocy Humanitarnej \u015aw. \u0141azarza z siedzib\u0105 w E\u0142ku otrzyma\u0142o od Fundacji Biedronki wsparcie o warto\u015bci...\t\t<\/div>\n\t\t\t\t<\/div>\n\t\t\t\t\t<\/div>\n\t\t\t\t<\/div>\n\t\t\t\t\t\t<\/div>\n\t\t\t\t<\/div>\n\t\t\n\t\t\t\t<\/div>\n\t\t\t\t<\/div>\n\t\t\t\t\t<\/div>\n\t\t\t\t<\/div>\n\t\t\t\t\t\t\t<\/div>\n\t\t","protected":false},"excerpt":{"rendered":"<p>AKTUALNO\u015aCI<\/p>\n","protected":false},"author":1,"featured_media":250,"parent":0,"menu_order":0,"comment_status":"closed","ping_status":"closed","template":"elementor_header_footer","meta":{"footnotes":""},"class_list":["post-28","page","type-page","status-publish","has-post-thumbnail","hentry"],"_links":{"self":[{"href":"https:\/\/lazarus.elk.pl\/index.php?rest_route=\/wp\/v2\/pages\/28","targetHints":{"allow":["GET"]}}],"collection":[{"href":"https:\/\/lazarus.elk.pl\/index.php?rest_route=\/wp\/v2\/pages"}],"about":[{"href":"https:\/\/lazarus.elk.pl\/index.php?rest_route=\/wp\/v2\/types\/page"}],"author":[{"embeddable":true,"href":"https:\/\/lazarus.elk.pl\/index.php?rest_route=\/wp\/v2\/users\/1"}],"replies":[{"embeddable":true,"href":"https:\/\/lazarus.elk.pl\/index.php?rest_route=%2Fwp%2Fv2%2Fcomments&post=28"}],"version-history":[{"count":31,"href":"https:\/\/lazarus.elk.pl\/index.php?rest_route=\/wp\/v2\/pages\/28\/revisions"}],"predecessor-version":[{"id":192,"href":"https:\/\/lazarus.elk.pl\/index.php?rest_route=\/wp\/v2\/pages\/28\/revisions\/192"}],"wp:featuredmedia":[{"embeddable":true,"href":"https:\/\/lazarus.elk.pl\/index.php?rest_route=\/wp\/v2\/media\/250"}],"wp:attachment":[{"href":"https:\/\/lazarus.elk.pl\/index.php?rest_route=%2Fwp%2Fv2%2Fmedia&parent=28"}],"curies":[{"name":"wp","href":"https:\/\/api.w.org\/{rel}","templated":true}]}}