{"id":24,"date":"2023-10-12T12:27:00","date_gmt":"2023-10-12T10:27:00","guid":{"rendered":"https:\/\/lazarus.elk.pl\/?page_id=24"},"modified":"2023-10-13T09:08:31","modified_gmt":"2023-10-13T07:08:31","slug":"uslugi","status":"publish","type":"page","link":"https:\/\/lazarus.elk.pl\/?page_id=24","title":{"rendered":"Us\u0142ugi"},"content":{"rendered":"\t\t<div data-elementor-type=\"wp-page\" data-elementor-id=\"24\" class=\"elementor elementor-24\" data-elementor-post-type=\"page\">\n\t\t\t\t\t\t\t<div class=\"elementor-element elementor-element-63b99f5 e-flex e-con-boxed e-con e-parent\" data-id=\"63b99f5\" data-element_type=\"container\" data-settings=\"{&quot;background_background&quot;:&quot;classic&quot;,&quot;content_width&quot;:&quot;boxed&quot;}\" data-core-v316-plus=\"true\">\n\t\t\t\t\t<div class=\"e-con-inner\">\n\t\t\t\t<div class=\"elementor-element elementor-element-a2777a0 elementor-widget elementor-widget-heading\" data-id=\"a2777a0\" data-element_type=\"widget\" data-widget_type=\"heading.default\">\n\t\t\t\t<div class=\"elementor-widget-container\">\n\t\t\t<style>\/*! elementor - v3.16.0 - 09-10-2023 *\/\n.elementor-heading-title{padding:0;margin:0;line-height:1}.elementor-widget-heading .elementor-heading-title[class*=elementor-size-]>a{color:inherit;font-size:inherit;line-height:inherit}.elementor-widget-heading .elementor-heading-title.elementor-size-small{font-size:15px}.elementor-widget-heading .elementor-heading-title.elementor-size-medium{font-size:19px}.elementor-widget-heading .elementor-heading-title.elementor-size-large{font-size:29px}.elementor-widget-heading .elementor-heading-title.elementor-size-xl{font-size:39px}.elementor-widget-heading .elementor-heading-title.elementor-size-xxl{font-size:59px}<\/style><h2 class=\"elementor-heading-title elementor-size-default\">US\u0141UGI<\/h2>\t\t<\/div>\n\t\t\t\t<\/div>\n\t\t\t\t\t<\/div>\n\t\t\t\t<\/div>\n\t\t<div class=\"elementor-element elementor-element-cf47239 e-flex e-con-boxed e-con e-parent\" data-id=\"cf47239\" data-element_type=\"container\" data-settings=\"{&quot;content_width&quot;:&quot;boxed&quot;}\" data-core-v316-plus=\"true\">\n\t\t\t\t\t<div class=\"e-con-inner\">\n\t\t<div class=\"elementor-element elementor-element-fde6cc6 e-con-full e-flex e-con e-child\" data-id=\"fde6cc6\" data-element_type=\"container\" data-settings=\"{&quot;content_width&quot;:&quot;full&quot;}\">\n\t\t\t\t<div class=\"elementor-element elementor-element-aba3fe7 elementor-widget elementor-widget-text-editor\" data-id=\"aba3fe7\" data-element_type=\"widget\" data-widget_type=\"text-editor.default\">\n\t\t\t\t<div class=\"elementor-widget-container\">\n\t\t\t<style>\/*! elementor - v3.16.0 - 09-10-2023 *\/\n.elementor-widget-text-editor.elementor-drop-cap-view-stacked .elementor-drop-cap{background-color:#69727d;color:#fff}.elementor-widget-text-editor.elementor-drop-cap-view-framed .elementor-drop-cap{color:#69727d;border:3px solid;background-color:transparent}.elementor-widget-text-editor:not(.elementor-drop-cap-view-default) .elementor-drop-cap{margin-top:8px}.elementor-widget-text-editor:not(.elementor-drop-cap-view-default) .elementor-drop-cap-letter{width:1em;height:1em}.elementor-widget-text-editor .elementor-drop-cap{float:left;text-align:center;line-height:1;font-size:50px}.elementor-widget-text-editor .elementor-drop-cap-letter{display:inline-block}<\/style>\t\t\t\t<p class=\"western\"><strong>Us\u0142ugi piel\u0119gniarskie<\/strong> \u2013 \u015bwiadczone s\u0105 przede wszystkim osobom starszym, schorowanym, z niepe\u0142nosprawno\u015bciami, po leczeniu szpitalnym. W\u015br\u00f3d pacjent\u00f3w korzystaj\u0105cy z naszych us\u0142ug s\u0105 osoby chore na cukrzyce, Parkinsona, nowotwory, stwardnienie rozsiane, choroby uk\u0142adu kr\u0105\u017cenia, udary itp. Wszystkie nasze us\u0142ugi \u015bwiadczone s\u0105 w domu pacjenta. Wi\u0119kszo\u015b\u0107 pacjent\u00f3w obj\u0119tych nasza opiek\u0105 zamieszkuje obszary wiejskie, gdzie wyst\u0119puj\u0105 du\u017co wi\u0119ksze trudno\u015bci i bariery w zaspokojeniu potrzeby jak\u0105 jest fachowa opieka medyczna.<\/p>\t\t\t\t\t\t<\/div>\n\t\t\t\t<\/div>\n\t\t\t\t<\/div>\n\t\t<div class=\"elementor-element elementor-element-5e8aa22 e-con-full e-flex e-con e-child\" data-id=\"5e8aa22\" data-element_type=\"container\" data-settings=\"{&quot;content_width&quot;:&quot;full&quot;}\">\n\t\t\t\t<div class=\"elementor-element elementor-element-6a1e41c elementor-widget elementor-widget-image\" data-id=\"6a1e41c\" data-element_type=\"widget\" data-widget_type=\"image.default\">\n\t\t\t\t<div class=\"elementor-widget-container\">\n\t\t\t<style>\/*! elementor - v3.16.0 - 09-10-2023 *\/\n.elementor-widget-image{text-align:center}.elementor-widget-image a{display:inline-block}.elementor-widget-image a img[src$=\".svg\"]{width:48px}.elementor-widget-image img{vertical-align:middle;display:inline-block}<\/style>\t\t\t\t\t\t\t\t\t\t\t\t<img loading=\"lazy\" decoding=\"async\" width=\"1000\" height=\"667\" src=\"https:\/\/lazarus.elk.pl\/wp-content\/uploads\/uslugi_pielegniarskie.webp\" class=\"attachment-large size-large wp-image-78\" alt=\"\" srcset=\"https:\/\/lazarus.elk.pl\/wp-content\/uploads\/uslugi_pielegniarskie.webp 1000w, https:\/\/lazarus.elk.pl\/wp-content\/uploads\/uslugi_pielegniarskie-768x512.webp 768w\" sizes=\"auto, (max-width: 1000px) 100vw, 1000px\" \/>\t\t\t\t\t\t\t\t\t\t\t\t\t\t\t<\/div>\n\t\t\t\t<\/div>\n\t\t\t\t<\/div>\n\t\t\t\t\t<\/div>\n\t\t\t\t<\/div>\n\t\t<div class=\"elementor-element elementor-element-fef4597 e-flex e-con-boxed e-con e-parent\" data-id=\"fef4597\" data-element_type=\"container\" data-settings=\"{&quot;content_width&quot;:&quot;boxed&quot;}\" data-core-v316-plus=\"true\">\n\t\t\t\t\t<div class=\"e-con-inner\">\n\t\t<div class=\"elementor-element elementor-element-3fc42de e-con-full e-flex e-con e-child\" data-id=\"3fc42de\" data-element_type=\"container\" data-settings=\"{&quot;content_width&quot;:&quot;full&quot;}\">\n\t\t\t\t<div class=\"elementor-element elementor-element-240b756 elementor-widget elementor-widget-image\" data-id=\"240b756\" data-element_type=\"widget\" data-widget_type=\"image.default\">\n\t\t\t\t<div class=\"elementor-widget-container\">\n\t\t\t\t\t\t\t\t\t\t\t\t\t\t\t<img loading=\"lazy\" decoding=\"async\" width=\"1000\" height=\"655\" src=\"https:\/\/lazarus.elk.pl\/wp-content\/uploads\/uslugi_pielegniarsko_opiekuncze.webp\" class=\"attachment-large size-large wp-image-79\" alt=\"\" srcset=\"https:\/\/lazarus.elk.pl\/wp-content\/uploads\/uslugi_pielegniarsko_opiekuncze.webp 1000w, https:\/\/lazarus.elk.pl\/wp-content\/uploads\/uslugi_pielegniarsko_opiekuncze-768x503.webp 768w\" sizes=\"auto, (max-width: 1000px) 100vw, 1000px\" \/>\t\t\t\t\t\t\t\t\t\t\t\t\t\t\t<\/div>\n\t\t\t\t<\/div>\n\t\t\t\t<\/div>\n\t\t<div class=\"elementor-element elementor-element-0ff151f e-con-full e-flex e-con e-child\" data-id=\"0ff151f\" data-element_type=\"container\" data-settings=\"{&quot;content_width&quot;:&quot;full&quot;}\">\n\t\t\t\t<div class=\"elementor-element elementor-element-bad42bb elementor-widget elementor-widget-text-editor\" data-id=\"bad42bb\" data-element_type=\"widget\" data-widget_type=\"text-editor.default\">\n\t\t\t\t<div class=\"elementor-widget-container\">\n\t\t\t\t\t\t\t<p class=\"western\"><strong>Us\u0142ugi piel\u0119gnacyjno-opieku\u0144cze<\/strong> \u2013 skierowane s\u0105 do os\u00f3b, kt\u00f3re ze wzgl\u0119du na swoj\u0105 niepe\u0142nosprawno\u015b\u0107, wiek i brak opieki ze strony swoich najbli\u017cszych potrzebuj\u0105 wsparcia w wykonywaniu swoich codziennych potrzeb \u017cyciowych. Do podstawowych czynno\u015bci piel\u0119gnacyjno-higienicznych wykonywanych w domu pacjenta nale\u017c\u0105 m.in. toaleta cia\u0142a, zmiana bielizny, karmienie i pojenie, realizacja recepty\/dostarczenie lek\u00f3w, pomoc w uzyskaniu refundacji na pieluchomajtki. zmiana pampersa, zmiana pozycji w \u0142\u00f3\u017cku, rozmowa z pacjentem i jego rodzin\u0105, dostarczenie zakupionej \u017cywno\u015bci jak i wiele innych.<\/p>\t\t\t\t\t\t<\/div>\n\t\t\t\t<\/div>\n\t\t\t\t<\/div>\n\t\t\t\t\t<\/div>\n\t\t\t\t<\/div>\n\t\t<div class=\"elementor-element elementor-element-4087a50 e-flex e-con-boxed e-con e-parent\" data-id=\"4087a50\" data-element_type=\"container\" data-settings=\"{&quot;content_width&quot;:&quot;boxed&quot;}\" data-core-v316-plus=\"true\">\n\t\t\t\t\t<div class=\"e-con-inner\">\n\t\t<div class=\"elementor-element elementor-element-da495ca e-con-full e-flex e-con e-child\" data-id=\"da495ca\" data-element_type=\"container\" data-settings=\"{&quot;content_width&quot;:&quot;full&quot;}\">\n\t\t\t\t<div class=\"elementor-element elementor-element-1cdda15 elementor-widget elementor-widget-text-editor\" data-id=\"1cdda15\" data-element_type=\"widget\" data-widget_type=\"text-editor.default\">\n\t\t\t\t<div class=\"elementor-widget-container\">\n\t\t\t\t\t\t\t<p class=\"western\"><strong>Us\u0142ugi rehabilitacyjne<\/strong> \u2013 \u015bwiadczone s\u0105 r\u00f3wnie\u017c w domu pacjenta, a skierowane do os\u00f3b niepe\u0142nosprawnych wymagaj\u0105cych rehabilitacji zleconej najcz\u0119\u015bciej przez lekarza specjalist\u0119. Wykonywane s\u0105 r\u00f3\u017cnego rodzaju \u0107wiczenia i zabiegi dostosowane do indywidualnych potrzeb pacjenta, kt\u00f3re niew\u0105tpliwie usprawniaj\u0105 jak i poprawiaj\u0105 og\u00f3lna sprawno\u015b\u0107 psychoruchow\u0105. Korzystaj\u0105cy z tej formy pomocy to osoby po wylewach, udarach, amputacjach lub z\u0142amaniach ko\u0144czyn itp.<\/p>\t\t\t\t\t\t<\/div>\n\t\t\t\t<\/div>\n\t\t\t\t<\/div>\n\t\t<div class=\"elementor-element elementor-element-a4845dc e-con-full e-flex e-con e-child\" data-id=\"a4845dc\" data-element_type=\"container\" data-settings=\"{&quot;content_width&quot;:&quot;full&quot;}\">\n\t\t\t\t<div class=\"elementor-element elementor-element-523ccbe elementor-widget elementor-widget-image\" data-id=\"523ccbe\" data-element_type=\"widget\" data-widget_type=\"image.default\">\n\t\t\t\t<div class=\"elementor-widget-container\">\n\t\t\t\t\t\t\t\t\t\t\t\t\t\t\t<img loading=\"lazy\" decoding=\"async\" width=\"1000\" height=\"667\" src=\"https:\/\/lazarus.elk.pl\/wp-content\/uploads\/uslugi_rehabilitacyjne.webp\" class=\"attachment-large size-large wp-image-80\" alt=\"\" srcset=\"https:\/\/lazarus.elk.pl\/wp-content\/uploads\/uslugi_rehabilitacyjne.webp 1000w, https:\/\/lazarus.elk.pl\/wp-content\/uploads\/uslugi_rehabilitacyjne-768x512.webp 768w\" sizes=\"auto, (max-width: 1000px) 100vw, 1000px\" \/>\t\t\t\t\t\t\t\t\t\t\t\t\t\t\t<\/div>\n\t\t\t\t<\/div>\n\t\t\t\t<\/div>\n\t\t\t\t\t<\/div>\n\t\t\t\t<\/div>\n\t\t<div class=\"elementor-element elementor-element-d6e9a0e e-flex e-con-boxed e-con e-parent\" data-id=\"d6e9a0e\" data-element_type=\"container\" data-settings=\"{&quot;content_width&quot;:&quot;boxed&quot;}\" data-core-v316-plus=\"true\">\n\t\t\t\t\t<div class=\"e-con-inner\">\n\t\t<div class=\"elementor-element elementor-element-f266456 e-con-full e-flex e-con e-child\" data-id=\"f266456\" data-element_type=\"container\" data-settings=\"{&quot;content_width&quot;:&quot;full&quot;}\">\n\t\t\t\t<div class=\"elementor-element elementor-element-c3d3413 elementor-widget elementor-widget-image\" data-id=\"c3d3413\" data-element_type=\"widget\" data-widget_type=\"image.default\">\n\t\t\t\t<div class=\"elementor-widget-container\">\n\t\t\t\t\t\t\t\t\t\t\t\t\t\t\t<img loading=\"lazy\" decoding=\"async\" width=\"1000\" height=\"667\" src=\"https:\/\/lazarus.elk.pl\/wp-content\/uploads\/uslugi_transportowe.webp\" class=\"attachment-large size-large wp-image-81\" alt=\"\" srcset=\"https:\/\/lazarus.elk.pl\/wp-content\/uploads\/uslugi_transportowe.webp 1000w, https:\/\/lazarus.elk.pl\/wp-content\/uploads\/uslugi_transportowe-768x512.webp 768w\" sizes=\"auto, (max-width: 1000px) 100vw, 1000px\" \/>\t\t\t\t\t\t\t\t\t\t\t\t\t\t\t<\/div>\n\t\t\t\t<\/div>\n\t\t\t\t<\/div>\n\t\t<div class=\"elementor-element elementor-element-26678bc e-con-full e-flex e-con e-child\" data-id=\"26678bc\" data-element_type=\"container\" data-settings=\"{&quot;content_width&quot;:&quot;full&quot;}\">\n\t\t\t\t<div class=\"elementor-element elementor-element-0eb8fe3 elementor-widget elementor-widget-text-editor\" data-id=\"0eb8fe3\" data-element_type=\"widget\" data-widget_type=\"text-editor.default\">\n\t\t\t\t<div class=\"elementor-widget-container\">\n\t\t\t\t\t\t\t<p class=\"western\"><strong>Us\u0142ugi transportowe<\/strong> \u2013 \u015bwiadczone s\u0105 szczeg\u00f3lnie osobom ze schorzeniami uk\u0142adu ruchu, zaburzeniami motorycznymi, poruszaj\u0105cych si\u0119 na w\u00f3zkach inwalidzkich b\u0105d\u017a przy pomocy balonik\u00f3w czy kul, kt\u00f3re nie maj\u0105 mo\u017cliwo\u015bci fizycznych, komunikacyjnych, finansowych, jak r\u00f3wnie\u017c nie mog\u0105 liczy\u0107 na wsparcie rodziny czy znajomych a kt\u00f3re wymagaj\u0105 konieczno\u015bci konsultacji z lekarzem pierwszego kontaktu, specjalist\u0105. Szczeg\u00f3ln\u0105 trosk\u0105 otaczamy osoby starsze zamieszkuj\u0105ce g\u0142\u00f3wnie obszary wiejskie, gdzie wyst\u0119puj\u0105 wi\u0119ksze bariery komunikacyjne. Osobom z teren\u00f3w wiejskich \u015bwiadczymy us\u0142ug\u0119 w postaci transportu krwi do laboratorium.<\/p>\t\t\t\t\t\t<\/div>\n\t\t\t\t<\/div>\n\t\t\t\t<\/div>\n\t\t\t\t\t<\/div>\n\t\t\t\t<\/div>\n\t\t<div class=\"elementor-element elementor-element-baf5ad7 e-flex e-con-boxed e-con e-parent\" data-id=\"baf5ad7\" data-element_type=\"container\" data-settings=\"{&quot;content_width&quot;:&quot;boxed&quot;}\" data-core-v316-plus=\"true\">\n\t\t\t\t\t<div class=\"e-con-inner\">\n\t\t<div class=\"elementor-element elementor-element-8231be4 e-con-full e-flex e-con e-child\" data-id=\"8231be4\" data-element_type=\"container\" data-settings=\"{&quot;content_width&quot;:&quot;full&quot;}\">\n\t\t\t\t<div class=\"elementor-element elementor-element-0dfa166 elementor-widget elementor-widget-text-editor\" data-id=\"0dfa166\" data-element_type=\"widget\" data-widget_type=\"text-editor.default\">\n\t\t\t\t<div class=\"elementor-widget-container\">\n\t\t\t\t\t\t\t<p class=\"western\"><strong>Wypo\u017cyczanie sprz\u0119tu medyczno-rehabilitacyjnego<\/strong> \u2013 istnieje mo\u017cliwo\u015b\u0107 wypo\u017cyczenia sprz\u0119tu medyczno-rehabilitacyjnego, kt\u00f3rym dysponuje Stowarzyszenie.<\/p>\t\t\t\t\t\t<\/div>\n\t\t\t\t<\/div>\n\t\t\t\t<\/div>\n\t\t<div class=\"elementor-element elementor-element-2c43474 e-con-full e-flex e-con e-child\" data-id=\"2c43474\" data-element_type=\"container\" data-settings=\"{&quot;content_width&quot;:&quot;full&quot;}\">\n\t\t\t\t<div class=\"elementor-element elementor-element-4dbe8d1 elementor-widget elementor-widget-image\" data-id=\"4dbe8d1\" data-element_type=\"widget\" data-widget_type=\"image.default\">\n\t\t\t\t<div class=\"elementor-widget-container\">\n\t\t\t\t\t\t\t\t\t\t\t\t\t\t\t<img loading=\"lazy\" decoding=\"async\" width=\"1000\" height=\"667\" src=\"https:\/\/lazarus.elk.pl\/wp-content\/uploads\/wypozyczanie_sprzetu.webp\" class=\"attachment-large size-large wp-image-82\" alt=\"\" srcset=\"https:\/\/lazarus.elk.pl\/wp-content\/uploads\/wypozyczanie_sprzetu.webp 1000w, https:\/\/lazarus.elk.pl\/wp-content\/uploads\/wypozyczanie_sprzetu-768x512.webp 768w\" sizes=\"auto, (max-width: 1000px) 100vw, 1000px\" \/>\t\t\t\t\t\t\t\t\t\t\t\t\t\t\t<\/div>\n\t\t\t\t<\/div>\n\t\t\t\t<\/div>\n\t\t\t\t\t<\/div>\n\t\t\t\t<\/div>\n\t\t<div class=\"elementor-element elementor-element-b4e9464 e-flex e-con-boxed e-con e-parent\" data-id=\"b4e9464\" data-element_type=\"container\" data-settings=\"{&quot;content_width&quot;:&quot;boxed&quot;}\" data-core-v316-plus=\"true\">\n\t\t\t\t\t<div class=\"e-con-inner\">\n\t\t<div class=\"elementor-element elementor-element-c452eb8 e-con-full e-flex e-con e-child\" data-id=\"c452eb8\" data-element_type=\"container\" data-settings=\"{&quot;content_width&quot;:&quot;full&quot;}\">\n\t\t\t\t<div class=\"elementor-element elementor-element-6fa4b53 elementor-widget elementor-widget-image\" data-id=\"6fa4b53\" data-element_type=\"widget\" data-widget_type=\"image.default\">\n\t\t\t\t<div class=\"elementor-widget-container\">\n\t\t\t\t\t\t\t\t\t\t\t\t\t\t\t<img loading=\"lazy\" decoding=\"async\" width=\"1000\" height=\"655\" src=\"https:\/\/lazarus.elk.pl\/wp-content\/uploads\/doradztwo.webp\" class=\"attachment-large size-large wp-image-77\" alt=\"\" srcset=\"https:\/\/lazarus.elk.pl\/wp-content\/uploads\/doradztwo.webp 1000w, https:\/\/lazarus.elk.pl\/wp-content\/uploads\/doradztwo-768x503.webp 768w\" sizes=\"auto, (max-width: 1000px) 100vw, 1000px\" \/>\t\t\t\t\t\t\t\t\t\t\t\t\t\t\t<\/div>\n\t\t\t\t<\/div>\n\t\t\t\t<\/div>\n\t\t<div class=\"elementor-element elementor-element-661954b e-con-full e-flex e-con e-child\" data-id=\"661954b\" data-element_type=\"container\" data-settings=\"{&quot;content_width&quot;:&quot;full&quot;}\">\n\t\t\t\t<div class=\"elementor-element elementor-element-955ccee elementor-widget elementor-widget-text-editor\" data-id=\"955ccee\" data-element_type=\"widget\" data-widget_type=\"text-editor.default\">\n\t\t\t\t<div class=\"elementor-widget-container\">\n\t\t\t\t\t\t\t<p class=\"western\"><strong>Doradztwo w zakresie pomocy piel\u0119gniarsko-opieku\u0144czej<\/strong> \u2013 celem us\u0142ugi jest fachowe pokierowanie rodziny pacjenta znajduj\u0105cej si\u0119 bardzo cz\u0119sto po raz pierwszy raz w \u017cyciu w sytuacji kryzysowej maj\u0105c ob\u0142o\u017cnie chorego w domu natomiast nie posiadaj\u0105cych wiedzy na temat piel\u0119gnowania i prawid\u0142owego kontrolowania stanu zdrowia chorego. Udzielamy fachowej pomocy w zakresie przys\u0142uguj\u0105cych praw i mo\u017cliwo\u015bci skorzystania z r\u00f3\u017cnego rodzaju \u015brodk\u00f3w pomocniczych, skorzystania z pomocy r\u00f3\u017cnych instytucji dzia\u0142aj\u0105cych na rzecz os\u00f3b ob\u0142o\u017cnie chorych. Staramy si\u0119 poinstruowa\u0107 rodzin\u0119 w celu stworzenia odpowiednich warunk\u00f3w pacjentowi pozwalaj\u0105cych na odpowiednie funkcjonowanie w \u015brodowisku domowym w celu unikni\u0119cia wielu niepo\u017c\u0105danych objaw\u00f3w, skutk\u00f3w nieprawid\u0142owej opieki, jakimi mog\u0105 by\u0107 np. odle\u017cyny, odparzenia, rany itp.<\/p>\t\t\t\t\t\t<\/div>\n\t\t\t\t<\/div>\n\t\t\t\t<\/div>\n\t\t\t\t\t<\/div>\n\t\t\t\t<\/div>\n\t\t\t\t\t\t\t<\/div>\n\t\t","protected":false},"excerpt":{"rendered":"<p>US\u0141UGI Us\u0142ugi piel\u0119gniarskie \u2013 \u015bwiadczone s\u0105 przede wszystkim osobom starszym, schorowanym, z niepe\u0142nosprawno\u015bciami, po leczeniu szpitalnym. W\u015br\u00f3d pacjent\u00f3w korzystaj\u0105cy z naszych us\u0142ug s\u0105 osoby chore na cukrzyce, Parkinsona, nowotwory, stwardnienie rozsiane, choroby uk\u0142adu kr\u0105\u017cenia, udary itp. Wszystkie nasze us\u0142ugi \u015bwiadczone s\u0105 w domu pacjenta. Wi\u0119kszo\u015b\u0107 pacjent\u00f3w obj\u0119tych nasza opiek\u0105 zamieszkuje obszary wiejskie, gdzie wyst\u0119puj\u0105 du\u017co [&hellip;]<\/p>\n","protected":false},"author":1,"featured_media":0,"parent":0,"menu_order":0,"comment_status":"closed","ping_status":"closed","template":"elementor_header_footer","meta":{"footnotes":""},"class_list":["post-24","page","type-page","status-publish","hentry"],"_links":{"self":[{"href":"https:\/\/lazarus.elk.pl\/index.php?rest_route=\/wp\/v2\/pages\/24","targetHints":{"allow":["GET"]}}],"collection":[{"href":"https:\/\/lazarus.elk.pl\/index.php?rest_route=\/wp\/v2\/pages"}],"about":[{"href":"https:\/\/lazarus.elk.pl\/index.php?rest_route=\/wp\/v2\/types\/page"}],"author":[{"embeddable":true,"href":"https:\/\/lazarus.elk.pl\/index.php?rest_route=\/wp\/v2\/users\/1"}],"replies":[{"embeddable":true,"href":"https:\/\/lazarus.elk.pl\/index.php?rest_route=%2Fwp%2Fv2%2Fcomments&post=24"}],"version-history":[{"count":13,"href":"https:\/\/lazarus.elk.pl\/index.php?rest_route=\/wp\/v2\/pages\/24\/revisions"}],"predecessor-version":[{"id":94,"href":"https:\/\/lazarus.elk.pl\/index.php?rest_route=\/wp\/v2\/pages\/24\/revisions\/94"}],"wp:attachment":[{"href":"https:\/\/lazarus.elk.pl\/index.php?rest_route=%2Fwp%2Fv2%2Fmedia&parent=24"}],"curies":[{"name":"wp","href":"https:\/\/api.w.org\/{rel}","templated":true}]}}